{"id":1362,"date":"2019-02-21T08:51:01","date_gmt":"2019-02-21T08:51:01","guid":{"rendered":"https:\/\/lanarent.com\/?page_id=1362"},"modified":"2020-03-15T09:28:42","modified_gmt":"2020-03-15T09:28:42","slug":"aisigurare-si-info-utile","status":"publish","type":"page","link":"https:\/\/lanarent.com\/ru\/%d0%b0%d0%b2%d1%82%d0%be%d0%bc%d0%be%d0%b1%d0%b8%d0%bb%d1%8c-%d0%b2-%d0%b0%d1%80%d0%b5%d0%bd%d0%b4%d1%83-%d0%b2-%d0%b0%d1%8d%d1%80%d0%be%d0%bf%d0%be%d1%80%d1%82%d1%83-%d0%bb%d0%b0%d1%80%d0%bd%d0%b0\/aisigurare-si-info-utile\/","title":{"rendered":"Aisigurare si Info utile"},"content":{"rendered":"<h2 style=\"text-align: center;\"><b>Care este esen\u021ba asigur\u0103rii \u0219i cu ce v\u0103 poate ajuta? <\/b><\/h2>\n<p><span style=\"font-weight: 400;\">\u00cen primul r\u00e2nd asigurarea v\u0103 d\u0103 posibilitatea s\u0103 fi\u021bi lini\u0219ti\u021bi \u00een cazul unor \u00eent\u00e2mpl\u0103ri neprev\u0103zute cu automobilul \u00eenchiriat. Daunele primite \u00een rezultatul accidentului se acoper\u0103 de compania de asigur\u0103ri. O dat\u0103 ce accidentul a fost produs, indiferent din a cui vin\u0103. Clientul este obligat s\u0103 anun\u021be ambulan\u021ba, poli\u021bia, pompierii dup\u0103 caz. Inclusiv clientul este obligat s\u0103 anun\u021be \u0219i compania de <a href=\"https:\/\/lanarent.com\/ro\/\">inchirieri auto<\/a>. Daunele sunt rambursate \u00een baza raportului poli\u021biei dac\u0103 la momentul \u00eent\u00e2mpl\u0103rii poli\u021ba de asigurare este valabil\u0103. Indiferent de asigurare, acestea nu scutesc \u0219oferul de responsabilitatea fa\u021b\u0103 de bunurile \u0219i pasagerii transporta\u021bi. Mai mult dec\u00e2t at\u00e2t, \u0219oferul este responsabil \u0219i pentru automobilul pe care \u00eel conduce.<\/span><b> Automobilele companiei noastre sunt asigurate, iar \u0219oferul prime\u0219te desp\u0103gubire \u00een cazul daunelor sau accidentului. <\/b><\/p>\n<h2 style=\"text-align: center;\"><b>Oare sunt cazuri c\u00e2nd daunele nu sunt desp\u0103gubite? <\/b><\/h2>\n<p><span style=\"font-weight: 400;\">Da, a\u0219a cazuri se \u00eent\u00e2lnesc. Iat\u0103 c\u00e2teva dintre ele: <\/span><\/p>\n<ul>\n<li style=\"font-weight: 400;\"><span style=\"font-weight: 400;\">Dac\u0103 valoarea daunelor dep\u0103\u0219e\u0219te limita maxim\u0103, atunci partea dep\u0103\u0219it\u0103 nu este desp\u0103gubit\u0103. <\/span><\/li>\n<li style=\"font-weight: 400;\"><span style=\"font-weight: 400;\">Compania de asigur\u0103ri nu r\u0103spunde de bunuri de genul: bani, h\u00e2rtii de valoare, bijuterii, proprietate intelectual\u0103. \u00cen acest fel pierderea sau distrugerea acestor bunuri nu se desp\u0103gube\u0219te. <\/span><\/li>\n<li style=\"font-weight: 400;\"><span style=\"font-weight: 400;\">Dac\u0103 \u00een rezultator transport\u0103rii substan\u021belor inflamabile sau explozibile s-au produs careva daune, atunci acestea nu sunt acoperite. <\/span><\/li>\n<li style=\"font-weight: 400;\"><span style=\"font-weight: 400;\">De asemenea nu se acoper\u0103 daunele produse mediului \u00eenconjur\u0103tor ca rezultat al accidentului. <\/span><\/li>\n<li style=\"font-weight: 400;\"><span style=\"font-weight: 400;\">Dac\u0103 \u0219oferul se afla \u00een stare de ebrietate, atunci daunele produse de acesta nu sunt acoperite. <\/span><\/li>\n<li style=\"font-weight: 400;\"><span style=\"font-weight: 400;\">\u00cen cazul <a href=\"https:\/\/www.cyprus1click.com\/2014\/01\/17\/cyprus-traffic-laws\/?lang=ro\">\u00eenc\u0103lc\u0103rii regulilor de circula\u021bie<\/a> \u00eentr-o form\u0103 agresiv\u0103. <\/span><\/li>\n<li style=\"font-weight: 400;\"><span style=\"font-weight: 400;\">Dac\u0103 \u00a0la momentul accidentului a fost declarat\u0103 stare de for\u021b\u0103 major\u0103 sau stare de r\u0103zboi. <\/span><\/li>\n<\/ul>\n","protected":false},"excerpt":{"rendered":"<p>Care este esen\u021ba asigur\u0103rii \u0219i cu ce v\u0103 poate ajuta? \u00cen primul r\u00e2nd asigurarea v\u0103 d\u0103 posibilitatea s\u0103 fi\u021bi lini\u0219ti\u021bi \u00een cazul unor \u00eent\u00e2mpl\u0103ri neprev\u0103zute cu automobilul \u00eenchiriat. Daunele primite \u00een rezultatul accidentului se acoper\u0103 de compania de asigur\u0103ri. O dat\u0103 ce accidentul a fost produs, indiferent din a cui vin\u0103. Clientul este obligat s\u0103 [&hellip;]<\/p>\n","protected":false},"author":1,"featured_media":0,"parent":23,"menu_order":0,"comment_status":"closed","ping_status":"closed","template":"","meta":{"_acf_changed":false,"_monsterinsights_skip_tracking":false,"_monsterinsights_sitenote_active":false,"_monsterinsights_sitenote_note":"","_monsterinsights_sitenote_category":0,"footnotes":""},"yst_prominent_words":[725,713,710,709,719,712,716,723,726,714,711,718,720,717,727,715,728,722,721],"class_list":["post-1362","page","type-page","status-publish","hentry"],"acf":[],"_links":{"self":[{"href":"https:\/\/lanarent.com\/ru\/wp-json\/wp\/v2\/pages\/1362\/"}],"collection":[{"href":"https:\/\/lanarent.com\/ru\/wp-json\/wp\/v2\/pages\/"}],"about":[{"href":"https:\/\/lanarent.com\/ru\/wp-json\/wp\/v2\/types\/page\/"}],"author":[{"embeddable":true,"href":"https:\/\/lanarent.com\/ru\/wp-json\/wp\/v2\/users\/1\/"}],"replies":[{"embeddable":true,"href":"https:\/\/lanarent.com\/ru\/wp-json\/wp\/v2\/comments\/?post=1362"}],"version-history":[{"count":6,"href":"https:\/\/lanarent.com\/ru\/wp-json\/wp\/v2\/pages\/1362\/revisions\/"}],"predecessor-version":[{"id":2458,"href":"https:\/\/lanarent.com\/ru\/wp-json\/wp\/v2\/pages\/1362\/revisions\/2458\/"}],"up":[{"embeddable":true,"href":"https:\/\/lanarent.com\/ru\/wp-json\/wp\/v2\/pages\/23\/"}],"wp:attachment":[{"href":"https:\/\/lanarent.com\/ru\/wp-json\/wp\/v2\/media\/?parent=1362"}],"wp:term":[{"taxonomy":"yst_prominent_words","embeddable":true,"href":"https:\/\/lanarent.com\/ru\/wp-json\/wp\/v2\/yst_prominent_words\/?post=1362"}],"curies":[{"name":"wp","href":"https:\/\/api.w.org\/{rel}","templated":true}]}}