{"id":2440,"date":"2019-03-18T16:45:20","date_gmt":"2019-03-18T16:45:20","guid":{"rendered":"https:\/\/lanarent.com\/?page_id=2440"},"modified":"2023-02-16T11:15:07","modified_gmt":"2023-02-16T11:15:07","slug":"termeni-si-conditii","status":"publish","type":"page","link":"https:\/\/lanarent.com\/ro\/termeni-si-conditii\/","title":{"rendered":"Termeni \u0219i condi\u021bii"},"content":{"rendered":"<h2><b>Condi\u021biiele de chirie a automobilelor \u00een Aeroportul Larnaca:<\/b><\/h2>\n<ol>\n<li style=\"list-style-type: none;\">\n<ol>\n<li style=\"font-weight: 400;\"><span style=\"font-weight: 400;\">Automobilele sunt date \u00een chirie persoanelor care au atins v\u00e2rsta de 23 de ani \u0219i au experien\u021b\u0103 de conducere minim 3 ani. <\/span><\/li>\n<li style=\"font-weight: 400;\"><span style=\"font-weight: 400;\">Pe site-ul nostru pute\u021bi brona un automobil pentru chirie \u00een Cipru f\u0103r\u0103 gaj, f\u0103r\u0103 franciz\u0103, f\u0103r\u0103 card de credit, f\u0103r\u0103 avans \u0219i f\u0103r\u0103 arvun\u0103. De asemenea, pute\u021bi \u00een orice moment s\u0103 anula\u021bi comanda gratis. <\/span><\/li>\n<\/ol>\n<\/li>\n<\/ol>\n<p><b>\u00cen obliga\u021biile clientului intr\u0103: <\/b><\/p>\n<ul>\n<li style=\"font-weight: 400;\"><span style=\"font-weight: 400;\">Respectarea regulilor de circula\u021bie al Republicii Cipru. <\/span><\/li>\n<li style=\"font-weight: 400;\"><span style=\"font-weight: 400;\">Automobilul poate fi condus doar de persoana, care a semnat contractul de chirie auto (dac\u0103 \u00een contract nu este specificat un \u0219ofer suplimentar).<\/span><\/li>\n<li style=\"font-weight: 400;\"><span style=\"font-weight: 400;\">Automobilul poate fi folosit doar \u00een scopuri personale, iar folosirea transportului \u00een scopuri comerciale este interzise (de exemplu \u00een calitate de taxi sau transportul pasagerilor). <\/span><\/li>\n<li style=\"font-weight: 400;\"><span style=\"font-weight: 400;\">Clientul se oblig\u0103 s\u0103 circule doar pe drumuri publice. <\/span><\/li>\n<li style=\"font-weight: 400;\"><span style=\"font-weight: 400;\">S\u0103 transporte at\u00e2\u021bi pasageri, c\u00e2te sunt scaune \u00een automobil. <\/span><\/li>\n<li style=\"font-weight: 400;\"><span style=\"font-weight: 400;\">Respectarea regulilor de exploatare al automobilului, prev\u0103zute de produc\u0103tor. <\/span><\/li>\n<li style=\"font-weight: 400;\"><span style=\"font-weight: 400;\">S\u0103 parcheze automobilul la parcare autorizat\u0103 \u0219i s\u0103 nu \u00eel lase f\u0103r\u0103 supraveghere. <\/span><\/li>\n<li style=\"font-weight: 400;\"><span style=\"font-weight: 400;\">\u00cen cazul unui accident rutier s\u0103 anun\u021be reprezentantul firmei, poli\u021bia, pompierii \u0219i alte organe competente. Respectiv, s\u0103 \u00eentreprind\u0103 toate m\u0103surile necesare pentru p\u0103strarea securit\u0103\u021bii personale \u0219i pentru a minimiza daunele produse automobilului. <\/span><\/li>\n<li style=\"font-weight: 400;\"><span style=\"font-weight: 400;\">Este strict interzis\u0103 p\u0103r\u0103sirea teritoriului Republicii Cipru f\u0103r\u0103 anun\u021barea companiei.<\/span><\/li>\n<\/ul>\n<ol start=\"2\">\n<li>\n<h3><b>Pre\u021burile, gajul \u0219i achitarea chiriei auto \u00een aeroport Larnaca<\/b><\/h3>\n<\/li>\n<\/ol>\n<ul>\n<li style=\"font-weight: 400;\"><span style=\"font-weight: 400;\">Achitarea pentru chiria transportului se realizeaz\u0103 \u00een momentul semn\u0103rii contractului. Semn\u00e2nd contractul, arendatorul se oblig\u0103 s\u0103 achite integral suma pentru toat\u0103 perioada chirie indicat\u0103 \u00een contract la momentul semn\u0103rii acestuia. Plata se realizeaz\u0103 prin intermediul cadrului electronic Visa sau MasterCard, sau alte carduri de credit. <\/span><\/li>\n<li style=\"font-weight: 400;\"><span style=\"font-weight: 400;\">Clientul se oblig\u0103 s\u0103 lase un gaj \u00een m\u0103rime de 500, 200 sau 0 (zero) euro \u00een dependen\u021b\u0103 de asigurare. La bronarea automobilului preciza\u021bi tipul asigur\u0103rii dorite. Gajul se re\u00eentoarce la expirarea contractului. Gajul nu se desp\u0103gube\u0219te doar \u00een cazul c\u00e2nd au fost produse daune automobilului din vina clientului. <\/span><\/li>\n<\/ul>\n<ol start=\"3\">\n<li>\n<h3><b>Termenul minim de chirie auto \u0219i a bron\u0103rii lui pe internet<\/b><\/h3>\n<\/li>\n<\/ol>\n<ul>\n<li style=\"font-weight: 400;\"><span style=\"font-weight: 400;\">Termenul minim de chirie auto este de 3 zile. <\/span><\/li>\n<li style=\"font-weight: 400;\"><span style=\"font-weight: 400;\">Se accept\u0103 bronarea prin internet \u0219i pe telefon, de asemenea pe Viber \u0219i Whatsapp. <\/span><\/li>\n<li style=\"font-weight: 400;\"><span style=\"font-weight: 400;\">Scrisoarea pe care o primi\u021bi la bronarea automobilului pe site, nu este o scrisoare care confirm\u0103 bronarea. A\u0219tepta\u021bi p\u00e2n\u0103 c\u00e2nd ve\u021bi fi contactat de operator \u0219i va confirma bronarea. <\/span><\/li>\n<\/ul>\n<ol start=\"4\">\n<li>\n<h3><b>Prelungirea termenului de chirie \u0219i \u00eent\u00e2rzierea la re\u00eentoarcerea automobilului companiei. <\/b><\/h3>\n<\/li>\n<\/ol>\n<ul>\n<li style=\"font-weight: 400;\"><span style=\"font-weight: 400;\">\u00cen cazul \u00een care automobilul nu este \u00eentors \u00een termenul stabilit \u00een contract, este prev\u0103zut\u0103 o tax\u0103: <\/span><\/li>\n<li><span style=\"font-weight: 400;\">5\u20ac pentru prima or\u0103 de \u00eent\u00e2rziere;<\/span><\/li>\n<li><span style=\"font-weight: 400;\">7\u20ac pentru fiecare or\u0103 pentru urm\u0103toarele 3 ore de \u00eent\u00e2rziere; <\/span><\/li>\n<li><span style=\"font-weight: 400;\">\u00cent\u00e2rzierea ce dep\u0103\u0219e\u0219te termenul de 3 ore este considerat\u0103 o zi \u00eentreag\u0103 de chirie;<\/span><\/li>\n<li><span style=\"font-weight: 400;\">\u00cent\u00e2rzierea ce dep\u0103\u0219e\u0219te termenul de 4 ore f\u0103r\u0103 anun\u021barea companiei atrage dup\u0103 sine pl\u00e2ngerea \u00een organele corespunz\u0103toare referitor la furtul automobilului. <\/span><\/li>\n<li><span style=\"font-weight: 400;\">Prelungirea contractului \u00een caz de necesitate se realizeaz\u0103 pe condi\u021biile prev\u0103zute anterior: pre\u021bul r\u0103m\u00e2ne neschimbat, trebuie doar de stabilit data semn\u0103rii contractului. <\/span><\/li>\n<\/ul>\n<ol start=\"5\">\n<li>\n<h3><b>Obliga\u021bii companiei de chirie auto <\/b><\/h3>\n<\/li>\n<\/ol>\n<ul>\n<li style=\"font-weight: 400;\"><span style=\"font-weight: 400;\">Dup\u0103 semnarea contractului compania se oblig\u0103 s\u0103 ofere automobilul \u00een stare tehnic\u0103 adecvat\u0103. <\/span><\/li>\n<li style=\"font-weight: 400;\"><span style=\"font-weight: 400;\">Dup\u0103 semnarea contractului s\u0103 transmit\u0103 actele \u0219i cheile automobilului. <\/span><\/li>\n<\/ul>\n<ol start=\"6\">\n<li>\n<h3><b>Asigurarea \u0219i impozitele pe drum <\/b><\/h3>\n<\/li>\n<\/ol>\n<ul>\n<li style=\"font-weight: 400;\"><span style=\"font-weight: 400;\">Toate automobilele noastre sunt asigurate full CASCO \u0219i de la furt. Pre\u021bul include \u00een sine toate impozitele \u0219i revizia tehnic\u0103. Clientul poate beneficia de o asigurare suplimentar\u0103 pentru o achitare suplimentar\u0103. Asigurarea standard este minim\u0103, toate restul sunt suplimentare \u0219i pot fi incluse dup\u0103 dorin\u021ba clientului. De exemplu: asigurare turistic\u0103, asigurare f\u0103r\u0103 franciz\u0103, cartea verde, asigurarea medical\u0103 pentru vizele Schengen. IMORTANT! Clientul nu este eliberat de la responsabilitate \u00een cazurile \u00een care: arendatorul a provocat inten\u021bionat un accident, se afla \u00een stare de ebrietate sau sub influen\u021ba substan\u021belor psihotrope, sau nu respecta regulile de circula\u021bie rutier\u0103 \u0219i a legilor <a href=\"https:\/\/ro.wikipedia.org\/wiki\/Cipru\">Republicii Cipru<\/a>. <\/span><\/li>\n<\/ul>\n<ol start=\"7\">\n<li>\n<h3><b>Bonusuri \u0219i reduceri<\/b><\/h3>\n<\/li>\n<\/ol>\n<ul>\n<li style=\"font-weight: 400;\"><span style=\"font-weight: 400;\">Automobilul se ofer\u0103 f\u0103r\u0103 gaj clien\u021bilor permanen\u021bi la termenul de chirie de la 10 zile. <\/span><\/li>\n<\/ul>\n<ol start=\"8\">\n<li>\n<h3><b>Condi\u021biile chiriei<\/b><\/h3>\n<\/li>\n<\/ol>\n<ul>\n<li style=\"font-weight: 400;\"><span style=\"font-weight: 400;\">V\u0103 atragem aten\u021bia c\u0103 imaginea v\u0103zut\u0103 este un exemplu al transportului. Toate comenzile (cu excep\u021bie modelelor garantate) se realizeaz\u0103 pentru categorii de transport, dar nu pentru un tip concret de automobile. <\/span><\/li>\n<li style=\"font-weight: 400;\"><span style=\"font-weight: 400;\">Econom class, Medium class, Automobile pentru familii, Business class. <\/span><\/li>\n<\/ul>\n<ol start=\"9\">\n<li>\n<h3><b>Chiria trans interna\u021bional\u0103 \u0219i limitele teritoriale<\/b><\/h3>\n<\/li>\n<\/ol>\n<ul>\n<li style=\"font-weight: 400;\"><span style=\"font-weight: 400;\">P\u0103r\u0103sirea teritoriului \u021b\u0103rii este interzis\u0103.<\/span><\/li>\n<li style=\"font-weight: 400;\"><span style=\"font-weight: 400;\">P\u0103r\u0103sirea teritoriului pe automobilul \u00eenchiriat \u00een Ciprul de nord este interzis\u0103. <\/span><\/li>\n<\/ul>\n<ol start=\"10\">\n<li>\n<h3><b>Programul de lucru<\/b><\/h3>\n<\/li>\n<\/ol>\n<ul>\n<li style=\"font-weight: 400;\"><span style=\"font-weight: 400;\">Se percepe o tax\u0103 suplimentar\u0103 \u00een m\u0103rime de 20\u20ac pentru chiria transportului \u00een afara programului sau \u00een timpul nop\u021bii. <\/span><\/li>\n<\/ul>\n<p><span style=\"font-weight: 400;\">\u00a0 \u00a0 11. <\/span><b>Transportul se presteaz\u0103 cu grupa. Modelul ar\u0103tat este un exemplu al grupului comandat. <\/b><\/p>\n","protected":false},"excerpt":{"rendered":"<p>Condi\u021biiele de chirie a automobilelor \u00een Aeroportul Larnaca: Automobilele sunt date \u00een chirie persoanelor care au atins v\u00e2rsta de 23 de ani \u0219i au experien\u021b\u0103 de conducere minim 3 ani. Pe site-ul nostru pute\u021bi brona un automobil pentru chirie \u00een Cipru f\u0103r\u0103 gaj, f\u0103r\u0103 franciz\u0103, f\u0103r\u0103 card de credit, f\u0103r\u0103 avans \u0219i f\u0103r\u0103 arvun\u0103. De [&hellip;]<\/p>\n","protected":false},"author":1,"featured_media":0,"parent":0,"menu_order":0,"comment_status":"closed","ping_status":"closed","template":"","meta":{"_acf_changed":false,"_monsterinsights_skip_tracking":false,"_monsterinsights_sitenote_active":false,"_monsterinsights_sitenote_note":"","_monsterinsights_sitenote_category":0,"footnotes":""},"yst_prominent_words":[701,699,702,695,673,667,700,703,705,698,693,706,697,704,733,694,54,707,696,692],"class_list":["post-2440","page","type-page","status-publish","hentry"],"acf":[],"_links":{"self":[{"href":"https:\/\/lanarent.com\/ro\/wp-json\/wp\/v2\/pages\/2440\/"}],"collection":[{"href":"https:\/\/lanarent.com\/ro\/wp-json\/wp\/v2\/pages\/"}],"about":[{"href":"https:\/\/lanarent.com\/ro\/wp-json\/wp\/v2\/types\/page\/"}],"author":[{"embeddable":true,"href":"https:\/\/lanarent.com\/ro\/wp-json\/wp\/v2\/users\/1\/"}],"replies":[{"embeddable":true,"href":"https:\/\/lanarent.com\/ro\/wp-json\/wp\/v2\/comments\/?post=2440"}],"version-history":[{"count":6,"href":"https:\/\/lanarent.com\/ro\/wp-json\/wp\/v2\/pages\/2440\/revisions\/"}],"predecessor-version":[{"id":2762,"href":"https:\/\/lanarent.com\/ro\/wp-json\/wp\/v2\/pages\/2440\/revisions\/2762\/"}],"wp:attachment":[{"href":"https:\/\/lanarent.com\/ro\/wp-json\/wp\/v2\/media\/?parent=2440"}],"wp:term":[{"taxonomy":"yst_prominent_words","embeddable":true,"href":"https:\/\/lanarent.com\/ro\/wp-json\/wp\/v2\/yst_prominent_words\/?post=2440"}],"curies":[{"name":"wp","href":"https:\/\/api.w.org\/{rel}","templated":true}]}}