{"id":2426,"date":"2025-06-16T11:18:30","date_gmt":"2025-06-16T11:18:30","guid":{"rendered":"https:\/\/lanarent.com\/?page_id=2426"},"modified":"2026-01-05T14:47:20","modified_gmt":"2026-01-05T14:47:20","slug":"contacte","status":"publish","type":"page","link":"https:\/\/lanarent.com\/ro\/contacte\/","title":{"rendered":"Contacte"},"content":{"rendered":"<p><b>Adresa chiriei auto Larnaca: <\/b><\/p>\n<ul>\n<li><b>Oficiul Larnaca, Bulevardul Artemidos 95, Oficiul 6, Cipru, 6027<\/b><\/li>\n<li><img decoding=\"async\" class=\"alignnone size-medium wp-image-2587\" src=\"https:\/\/lanarent.com\/wp-content\/uploads\/2020\/03\/adresa-rent-a-car-lanarent-300x169.jpg\" alt=\"\" width=\"300\" height=\"169\" srcset=\"https:\/\/lanarent.com\/wp-content\/uploads\/2020\/03\/adresa-rent-a-car-lanarent-300x169.jpg 300w, https:\/\/lanarent.com\/wp-content\/uploads\/2020\/03\/adresa-rent-a-car-lanarent-768x432.jpg 768w, https:\/\/lanarent.com\/wp-content\/uploads\/2020\/03\/adresa-rent-a-car-lanarent-1024x576.jpg 1024w, https:\/\/lanarent.com\/wp-content\/uploads\/2020\/03\/adresa-rent-a-car-lanarent.jpg 1366w\" sizes=\"(max-width: 300px) 100vw, 300px\" \/><\/li>\n<\/ul>\n<p><a href=\"https:\/\/www.google.com\/maps\/place\/Lanarent\/@34.8936063,33.5937469,13z\/data=!4m8!1m2!2m1!1slanarent!3m4!1s0x14e082be5d7f448f:0x6003c43d04eee21b!8m2!3d34.9014367!4d33.6305428\"><img decoding=\"async\" class=\"\" src=\"https:\/\/lanarent.com\/wp-content\/uploads\/2018\/04\/map-marker-hi-188x300.png\" width=\"15\" height=\"24\" \/>Cum g\u0103si\u021bi oficiul<\/a><\/p>\n<ul>\n<li><b>Oficiul aeroport Larnaca, terminalul de sosiri.<\/b><\/li>\n<\/ul>\n<p><a href=\"https:\/\/www.google.com\/maps\/dir\/\/%2734.872883,33.606005%27\"><img decoding=\"async\" class=\"\" src=\"https:\/\/lanarent.com\/wp-content\/uploads\/2018\/04\/map-marker-hi-188x300.png\" width=\"14\" height=\"23\" \/>Cum g\u0103si\u021bi aeroportul<\/a><\/p>\n<ul>\n<li><b>Str. Primului Octombrie 17 A, Ayia-Napa, Cipru<\/b><\/li>\n<li>\n<p style=\"display: inline !important;\"><strong>Str. Pervolia, Arhiepiscop Makarios III, 7560<\/strong><\/p>\n<\/li>\n<\/ul>\n<p><b><\/b><strong>Email:<\/strong> cyprusrentacars@gmail.com<\/p>\n<p><span style=\"font-weight: 400;\"><strong>Telefon:<\/strong> +35799176069<\/span><\/p>\n<p><a href=\"whatsapp:\/\/send?phone=+35799176069\"><img decoding=\"async\" class=\"alignnone\" src=\"https:\/\/lanarent.com\/wp-content\/uploads\/2018\/03\/whatsapp.png\" alt=\"\" width=\"40\" height=\"40\" \/><\/a><a href=\"viber:\/\/add?number=+35799176069\"><img decoding=\"async\" class=\"alignnone\" src=\"https:\/\/lanarent.com\/wp-content\/uploads\/2018\/03\/viber.png\" alt=\"\" width=\"36\" height=\"36\" \/><\/a><\/p>\n<hr data-start=\"217\" data-end=\"220\" \/>\n<h2 data-start=\"181\" data-end=\"197\">Contacta\u021bi-ne<\/h2>\n<p data-start=\"199\" data-end=\"478\">Ave\u021bi \u00eentreb\u0103ri despre \u00eenchirierea unei ma\u0219ini \u00een Cipru? Suntem aici pentru a v\u0103 ajuta! Indiferent dac\u0103 ave\u021bi nevoie de o ma\u0219in\u0103 \u00een Larnaca, Limassol sau direct de la Aeroportul Interna\u021bional Larnaca, echipa noastr\u0103 este preg\u0103tit\u0103 s\u0103 v\u0103 ofere suport complet \u0219i r\u0103spunsuri rapide.<\/p>\n<p data-start=\"480\" data-end=\"742\">Suntem prezen\u021bi at\u00e2t <strong data-start=\"501\" data-end=\"526\">la Aeroportul Larnaca<\/strong>, c\u00e2t \u0219i <strong data-start=\"535\" data-end=\"557\">\u00een ora\u0219ul Limassol<\/strong>, pentru a v\u0103 oferi flexibilitate maxim\u0103 \u0219i servicii rapide oriunde ave\u021bi nevoie. V\u0103 livr\u0103m gratuit ma\u0219ina direct la loca\u021bia aleas\u0103 \u2014 fie c\u0103 ateriza\u021bi, fie c\u0103 deja v\u0103 afla\u021bi \u00een vacan\u021b\u0103.<\/p>\n<p data-start=\"744\" data-end=\"1055\">Ne pute\u021bi contacta \u00een orice moment prin e-mail, WhatsApp, Viber sau direct printr-un operator. Pentru solicit\u0103ri urgente, v\u0103 recomand\u0103m s\u0103 folosi\u021bi WhatsApp sau Viber \u2014 suntem disponibili GRATUIT, 24\/7. Sau, dac\u0103 prefera\u021bi, completa\u021bi formularul de contact de mai jos, iar noi v\u0103 vom r\u0103spunde \u00een cel mult o or\u0103.<\/p>\n<p data-start=\"1057\" data-end=\"1076\">\ud83d\udccd <strong data-start=\"1060\" data-end=\"1076\">Prezen\u021bi \u00een:<\/strong><\/p>\n<ul data-start=\"1077\" data-end=\"1154\">\n<li data-start=\"1077\" data-end=\"1113\">\n<p data-start=\"1079\" data-end=\"1113\">Aeroportul Interna\u021bional Larnaca<\/p>\n<\/li>\n<li data-start=\"1114\" data-end=\"1154\">\n<p data-start=\"1116\" data-end=\"1154\">Ora\u0219ul Limassol \u0219i zonele \u00eenvecinate<\/p>\n<\/li>\n<\/ul>\n<p data-start=\"1156\" data-end=\"1282\">\u00cenainte de a ne scrie, nu uita\u021bi s\u0103 consulta\u021bi sec\u021biunea <strong data-start=\"1213\" data-end=\"1236\">\u00centreb\u0103ri Frecvente<\/strong>, unde ve\u021bi descoperi informa\u021bii utile despre:<\/p>\n<ul data-start=\"1283\" data-end=\"1495\">\n<li data-start=\"1283\" data-end=\"1315\">\n<p data-start=\"1285\" data-end=\"1315\">atrac\u021bii turistice \u00een Cipru,<\/p>\n<\/li>\n<li data-start=\"1316\" data-end=\"1355\">\n<p data-start=\"1318\" data-end=\"1355\">pre\u021buri actualizate la combustibil,<\/p>\n<\/li>\n<li data-start=\"1356\" data-end=\"1388\">\n<p data-start=\"1358\" data-end=\"1388\">reguli de circula\u021bie locale,<\/p>\n<\/li>\n<li data-start=\"1389\" data-end=\"1435\">\n<p data-start=\"1391\" data-end=\"1435\">recomand\u0103ri culinare \u0219i tradi\u021bii cipriote,<\/p>\n<\/li>\n<li data-start=\"1436\" data-end=\"1495\">\n<p data-start=\"1438\" data-end=\"1495\">\u0219i multe alte sfaturi utile pentru o experien\u021b\u0103 complet\u0103.<\/p>\n<\/li>\n<\/ul>\n<h3 data-start=\"1497\" data-end=\"1521\">De ce s\u0103 ne alege\u021bi:<\/h3>\n<ul data-start=\"1522\" data-end=\"1651\">\n<li data-start=\"1522\" data-end=\"1543\">\n<p data-start=\"1524\" data-end=\"1543\">F\u0103r\u0103 taxe ascunse<\/p>\n<\/li>\n<li data-start=\"1544\" data-end=\"1570\">\n<p data-start=\"1546\" data-end=\"1570\">Suport \u00een limba rom\u00e2n\u0103<\/p>\n<\/li>\n<li data-start=\"1571\" data-end=\"1609\">\n<p data-start=\"1573\" data-end=\"1609\">Ma\u0219ini moderne \u0219i bine \u00eentre\u021binute<\/p>\n<\/li>\n<li data-start=\"1610\" data-end=\"1651\">\n<p data-start=\"1612\" data-end=\"1651\">Livrare gratuit\u0103 \u00een Larnaca \u0219i Limassol<\/p>\n<\/li>\n<\/ul>\n<p data-start=\"1653\" data-end=\"1734\">V\u0103 a\u0219tept\u0103m cu drag \u00een Cipru \u0219i v\u0103 dorim drumuri line \u0219i vacan\u021be de neuitat! \ud83d\ude97\ud83c\udf1e<\/p>\n","protected":false},"excerpt":{"rendered":"<p>Adresa chiriei auto Larnaca: Oficiul Larnaca, Bulevardul Artemidos 95, Oficiul 6, Cipru, 6027 Cum g\u0103si\u021bi oficiul Oficiul aeroport Larnaca, terminalul de sosiri. Cum g\u0103si\u021bi aeroportul Str. Primului Octombrie 17 A, Ayia-Napa, Cipru Str. Pervolia, Arhiepiscop Makarios III, 7560 Email: cyprusrentacars@gmail.com Telefon: +35799176069 Contacta\u021bi-ne Ave\u021bi \u00eentreb\u0103ri despre \u00eenchirierea unei ma\u0219ini \u00een Cipru? Suntem aici pentru a [&hellip;]<\/p>\n","protected":false},"author":1,"featured_media":0,"parent":0,"menu_order":0,"comment_status":"closed","ping_status":"closed","template":"","meta":{"_acf_changed":false,"_monsterinsights_skip_tracking":false,"_monsterinsights_sitenote_active":false,"_monsterinsights_sitenote_note":"","_monsterinsights_sitenote_category":0,"footnotes":""},"yst_prominent_words":[687,681,42,691,8,275,690,734],"class_list":["post-2426","page","type-page","status-publish","hentry"],"acf":[],"_links":{"self":[{"href":"https:\/\/lanarent.com\/ro\/wp-json\/wp\/v2\/pages\/2426\/"}],"collection":[{"href":"https:\/\/lanarent.com\/ro\/wp-json\/wp\/v2\/pages\/"}],"about":[{"href":"https:\/\/lanarent.com\/ro\/wp-json\/wp\/v2\/types\/page\/"}],"author":[{"embeddable":true,"href":"https:\/\/lanarent.com\/ro\/wp-json\/wp\/v2\/users\/1\/"}],"replies":[{"embeddable":true,"href":"https:\/\/lanarent.com\/ro\/wp-json\/wp\/v2\/comments\/?post=2426"}],"version-history":[{"count":23,"href":"https:\/\/lanarent.com\/ro\/wp-json\/wp\/v2\/pages\/2426\/revisions\/"}],"predecessor-version":[{"id":2436,"href":"https:\/\/lanarent.com\/ro\/wp-json\/wp\/v2\/pages\/2426\/revisions\/2436\/"}],"wp:attachment":[{"href":"https:\/\/lanarent.com\/ro\/wp-json\/wp\/v2\/media\/?parent=2426"}],"wp:term":[{"taxonomy":"yst_prominent_words","embeddable":true,"href":"https:\/\/lanarent.com\/ro\/wp-json\/wp\/v2\/yst_prominent_words\/?post=2426"}],"curies":[{"name":"wp","href":"https:\/\/api.w.org\/{rel}","templated":true}]}}